{"id":552,"date":"2024-12-30T19:22:51","date_gmt":"2024-12-30T18:22:51","guid":{"rendered":"https:\/\/partyservice-staffel.de\/?page_id=552"},"modified":"2025-01-10T13:10:26","modified_gmt":"2025-01-10T12:10:26","slug":"lieferbedingungen","status":"publish","type":"page","link":"https:\/\/partyservice-staffel.de\/?page_id=552","title":{"rendered":"Lieferbedingungen"},"content":{"rendered":"\n<h1 class=\"wp-block-heading\">Lieferbedingungen &amp; AGB&#8217;s<\/h1>\n\n\n\n<p>Sie w\u00e4hlen individuell aus den Angeboten der Firma Partyservice Oliver Staffel Ihre entsprechenden Favoriten aus, bzw. sprechen mit unserem K\u00fcchenchef oder Veranstaltungsleiter Ihre W\u00fcnsche durch. Alles weitere \u00fcberlassen Sie uns \u2013 einschlie\u00dflich aller Transport-, Aufbau-, und\/oder evtl. Dekorationsarbeiten. Partyservice Oliver Staffel sorgt daf\u00fcr, dass Ihre Veranstaltung p\u00fcnktlich, wie besprochen an Ort und Stelle durchgef\u00fchrt werden kann.<\/p>\n\n\n\n<h2 class=\"wp-block-heading\"><strong>Bestelltermine<\/strong><\/h2>\n\n\n\n<p>Partyservice Oliver Staffel arbeitet der Qualit\u00e4t und Frische wegen in der Produktion auf handwerklicher Basis ohne Lagerhaltung, da bedarf es einer perfekten Vorplanung. Darum bestellen Sie unbedingt rechtzeitig. Die jeweilige veranstaltungsspezifische Vorlaufzeit entnehmen Sie bitte dem Angebot.<\/p>\n\n\n\n<h2 class=\"wp-block-heading\"><strong>Haltbarkeit<\/strong><\/h2>\n\n\n\n<p>In unseren Produkten werden keinerlei Konservierungsstoffe verarbeitet. Die Produkte sind deshalb f\u00fcr den Frischverzehr bestimmt. Bei unsachgem\u00e4\u00dfer Lagerung der Lebensmittel \u00fcbernehmen wir keine Haftung.<\/p>\n\n\n\n<h2 class=\"wp-block-heading\"><strong>Angebots\u00e4nderung<\/strong><\/h2>\n\n\n\n<p>Wir bitten um Verst\u00e4ndnis, dass \u00c4nderungen der Speisen, Getr\u00e4nke und Ablauffolge der jeweiligen Veranstaltung nach Ablauf des Fix Tages, der im Angebot aufgelistet ist, nicht mehr m\u00f6glich ist. Die angegebene Personenzahl ist 10 Tage vor dem Veranstaltungsbeginn verbindlich.<\/p>\n\n\n\n<h2 class=\"wp-block-heading\"><strong>Feiern in der Partyscheune<\/strong><\/h2>\n\n\n\n<p>Mit der Unterschrift des Mietvertrages f\u00fcr die Partyscheune, akzeptieren Sie unsere aktuelle Getr\u00e4nkepreisliste mit allen Positionen aus dem geltenden Jahr. Diese ist bei uns vor Ort immer einzusehen und wird Ihnen auf Wunsch auch zugesendet.<\/p>\n\n\n\n<h2 class=\"wp-block-heading\"><strong>Bei Anlieferung<\/strong><\/h2>\n\n\n\n<p>Lieferungen sind generell mit unseren Lieferfahrzeugen m\u00f6glich. Wir berechnen Ihnen ab einem Radius von 30 km bis 60 km Umkreis unserer Produktionsst\u00e4tte in K\u00f6nigswinter \/ Gratzfeld und einem Mindesauftragswert von unter 100,00 \u20ac netto, 10,00 \u20ac netto Transport pro Fahrzeug (hin und zur\u00fcck). F\u00fcr Lieferungen au\u00dferhalb des Radius oder Mindestauftragswertes berechnen wir pro Kilometer 0,70 \u20ac netto. Bei nicht erreichen des Mindestauftragswertes kommen noch die Fahrerkosten von 20,00 \u20ac netto je Stunde hinzu. F\u00fcr Lieferungen innerhalb des Radius und \u00fcber des Mindestbestellwertes kommen keine zus\u00e4tzlichen Lieferungskosten hinzu. F\u00fcr erschwerte Anlieferungen wie zum Beispiel in den Keller, 100m ums Haus oder das 1. Stockwerk ben\u00f6tigen wir Hilfe. Daher bitten wir Sie, uns Hilfskr\u00e4fte zur Verf\u00fcgung zu stellen oder diese bei uns mit einem Stundenlohn von 23,50 \u20ac netto zu bestellen. M\u00fcssen Sondergenehmigungen wie Parkgenehmigung oder Durchfahrtserlaubnis besorgt werden, so werden diese dem Veranstalter in Rechnung gestellt. F\u00fcr Bruch und Schwund der B\u00fcffetgegenst\u00e4nde haftet der Veranstalter. Unvorhergesehene Bedingungen, die zu einer versp\u00e4teten Anlieferung f\u00fchren, k\u00f6nnen berechtigen den Auftraggeber nicht zu einem R\u00fccktritt vom Vertrag oder zu einer Zahlungsminderung.<\/p>\n\n\n\n<h2 class=\"wp-block-heading\"><strong>Zus\u00e4tzliches f\u00fcr Mietgegenst\u00e4nde<\/strong><\/h2>\n\n\n\n<p>Die Auslieferung erfolgt ab Lager. W\u00fcnscht der Mieter eine zus\u00e4tzliche Anlieferung durch den Vermieter, so werden dem Mieter die anfallenden Transportkosten mit 0,80 \u20ac netto pro gefahrenen Kilometer in Rechnung gestellt, ebenso der Fahrer.<\/p>\n\n\n\n<h2 class=\"wp-block-heading\"><strong>Selbstabholer<\/strong><\/h2>\n\n\n\n<p>Sie k\u00f6nnen selbstverst\u00e4ndlich die Partyservice Oliver Staffel \u2013 K\u00f6stlichkeiten abholfertig verpackt nach Vorbestellung in K\u00f6nigswinter \/ Gratzfeld abholen.<\/p>\n\n\n\n<h2 class=\"wp-block-heading\"><strong>Angebots \u2013 G\u00fcltigkeitsdauer<\/strong><\/h2>\n\n\n\n<p>Das Angebot und die Preise sind nur f\u00fcr Ihre Veranstaltung g\u00fcltig, da jede Veranstaltung individuell kalkuliert wird. Die ausgezeichneten Preise sind netto Preise zzgl. der gesetzlichen Mehrwertsteuer. Alle Preise verstehen sich pro Person \/ St\u00fcck und Mieteinheit. Der Mietpreis gilt ab Lager f\u00fcr jeweils 2 Tage (=1 Mieteinheit), auch wenn die gemieteten Artikel vorzeitig und \/ oder unbenutzt zur\u00fcckgegeben werden, falls nicht anders schriftlich vereinbart. Werden die Mietartikel nicht termingerecht zur\u00fcckgegeben, verl\u00e4ngert sich das Mietverh\u00e4ltnis automatisch bis zum Tag der R\u00fcckgabe. F\u00fcr jede angefangene Mieteinheit wird eine volle Geb\u00fchr berechnet. Preis\u00e4nderungen sind vorbehalten. W\u00fcnschen Sie Dienstleistungen wie zum Beispiel Besteck, Porzellan oder Servicepersonal, dann erh\u00f6ht sich die gesetzliche MwSt. von 7% auf 19%. Porzellan, Gl\u00e4ser und Bestecke werden nach R\u00fcckgabe grunds\u00e4tzlich von Partyservice Oliver Staffel gereinigt. Bei Anlieferung und Abholung des Buffets und Leihgutes im vereinbarten Zeitraum hat der Mieter daf\u00fcr zu sorgen, dass er selbst oder eine von ihm bevollm\u00e4chtigte Person anwesend ist. Sollte bei Anlieferung niemand anwesend sein, wird das Buffet und Leihgut am Veranstaltungsort hinterlassen und der Kunde erkennt die ordnungsgem\u00e4\u00dfe und vollst\u00e4ndige Anlieferung an. Auf und Abbau, sowie Vertragen und Einsammeln des Leihgutes sind im Mietpreis nicht enthalten, k\u00f6nnen aber, wenn gew\u00fcnscht f\u00fcr einen Stundenlohn von 23,50 \u20ac netto \u00fcbernommen werden. Wir halten uns 12 Wochen an unser Angebot gebunden.<\/p>\n\n\n\n<h2 class=\"wp-block-heading\"><strong>M\u00fcllentsorgung<\/strong><\/h2>\n\n\n\n<p>Grunds\u00e4tzlich ist der Veranstalter, falls nicht anders vereinbart, f\u00fcr die Entsorgung des Rest- und Biom\u00fclls verantwortlich. Wenn wir dieses f\u00fcr Sie \u00fcbernehmen sollen, berechnen wir eine Geb\u00fchr von 10,00 \u20ac netto pro 20 Liter Biom\u00fcll und 21,00 \u20ac netto pro 15 Liter Restm\u00fcll.<\/p>\n\n\n\n<h2 class=\"wp-block-heading\"><strong>So bestellen Sie<\/strong><\/h2>\n\n\n\n<p>Pers\u00f6nlicher und \/ oder telefonischer Ansprechpartner sind unser Veranstaltungsleiter und K\u00fcchenchef Herr Oliver Staffel Tel.: 0171-4836639. Sie erreichen uns auch unter info@partyservice-staffel.de. Nach dem ersten Kontakt findet ein Gespr\u00e4ch statt, bei dem alle Detailfragen gekl\u00e4rt werden. Daraufhin erhalten Sie ein schriftliches Angebot. Nach R\u00fccksprache und Kl\u00e4rung aller noch offenen Fragen, akzeptieren Sie mit Ihrer Unterschrift auf der mitgeschickten Auftragsbest\u00e4tigung das Angebot. F\u00fcr beide Seiten ist hiernach dieser Auftrag bindend. Seite<\/p>\n\n\n\n<h2 class=\"wp-block-heading\"><strong>Absage bzw. R\u00fccktritt:<\/strong><\/h2>\n\n\n\n<p>Bei einer Absage oder R\u00fccktritt vom best\u00e4tigten Angebot, berechnen wir Ihnen den Ausfall wie folgt:<br>&#8211; Bis 7 Tage vor Veranstaltung mit 100 %<br>&#8211; Bis 12 Tage vor Veranstaltung mit 75 %<br>&#8211; Bis 20 Tage vor Veranstaltung mit 30 %<\/p>\n\n\n\n<h2 class=\"wp-block-heading\"><strong>Reklamationen<\/strong><\/h2>\n\n\n\n<p>Beanstandungen wegen offensichtlicher M\u00e4ngel k\u00f6nnen nur ber\u00fccksichtigt werden, wenn die Beanstandung unverz\u00fcglich nach Erhalt der Ware erfolgt bzw. gleich bei Abholung. F\u00fcr unsachgem\u00e4\u00dfe Lagerung durch den Kunden \u00fcbernehmen wir keine Haftung.<\/p>\n\n\n\n<h2 class=\"wp-block-heading\"><strong>Produkthaftung:<\/strong><\/h2>\n\n\n\n<p>Partyservice Oliver Staffel haftet f\u00fcr alle Speisen und deren Verzehrtauglichkeit. Bei einer Bestellung f\u00fcr die Partyscheune Weber ist es dem Veranstalter nicht gestattet Speisen selber mit zu bringen. Ausgenommen ist Kuchen.<\/p>\n\n\n\n<h2 class=\"wp-block-heading\"><strong>Datenschutz:<\/strong><\/h2>\n\n\n\n<p>Wir verpflichten uns zum Schutz Ihrer pers\u00f6nlichen Daten, und werden diese nicht weitergeben an dritte! Ihre Daten werden nur zu Eigenwerbung (2x im Jahr) und evtl. Gl\u00fcckw\u00fcnsche gespeichert, und nicht f\u00fcr allgemeine Werbezwecke. Dieses Erlauben Sie uns durch Erteilung eines Auftrages.<\/p>\n\n\n\n<h2 class=\"wp-block-heading\"><strong>Zahlungsbedingungen<\/strong><\/h2>\n\n\n\n<p>Nach Rechnungsstellung bitten wir um sofortige Zahlung ohne weitere Abz\u00fcge, falls nicht anders schriftlich vereinbart. Bei allen Auftr\u00e4gen behalten wir uns das Eigentumsrecht bis zur vollst\u00e4ndigen Bezahlung der gesamten Forderung vor. Auftr\u00e4ge uns unbekannter Kunden werden wir nur mit einer sofortigen \u00e1 conto Zahlung akzeptieren.<\/p>\n\n\n\n<h2 class=\"wp-block-heading\"><strong>Sonstiges<\/strong><\/h2>\n\n\n\n<p>Mit Ihrer Unterschrift werden unsere Allgemeinen Gesch\u00e4ftsbedingungen als Vertragsbestandteil anerkannt. F\u00fcr das Vertragsverh\u00e4ltnis gilt das deutsche Recht. Erf\u00fcllungsort und Gerichtstand ist, soweit der Besteller Vollkaufmann ist, f\u00fcr beide Teile K\u00f6nigswinter.<\/p>\n","protected":false},"excerpt":{"rendered":"<p>Lieferbedingungen &amp; AGB&#8217;s Sie w\u00e4hlen individuell aus den Angeboten der Firma Partyservice Oliver Staffel Ihre entsprechenden Favoriten aus, bzw. sprechen mit unserem K\u00fcchenchef oder Veranstaltungsleiter Ihre W\u00fcnsche durch. Alles weitere \u00fcberlassen Sie uns \u2013 einschlie\u00dflich aller Transport-, Aufbau-, und\/oder evtl. Dekorationsarbeiten. Partyservice Oliver Staffel sorgt daf\u00fcr, dass Ihre Veranstaltung p\u00fcnktlich, wie besprochen an Ort und [&hellip;]<\/p>\n","protected":false},"author":1,"featured_media":0,"parent":0,"menu_order":0,"comment_status":"closed","ping_status":"closed","template":"","meta":{"footnotes":""},"class_list":["post-552","page","type-page","status-publish","hentry"],"_links":{"self":[{"href":"https:\/\/partyservice-staffel.de\/index.php?rest_route=\/wp\/v2\/pages\/552","targetHints":{"allow":["GET"]}}],"collection":[{"href":"https:\/\/partyservice-staffel.de\/index.php?rest_route=\/wp\/v2\/pages"}],"about":[{"href":"https:\/\/partyservice-staffel.de\/index.php?rest_route=\/wp\/v2\/types\/page"}],"author":[{"embeddable":true,"href":"https:\/\/partyservice-staffel.de\/index.php?rest_route=\/wp\/v2\/users\/1"}],"replies":[{"embeddable":true,"href":"https:\/\/partyservice-staffel.de\/index.php?rest_route=%2Fwp%2Fv2%2Fcomments&post=552"}],"version-history":[{"count":5,"href":"https:\/\/partyservice-staffel.de\/index.php?rest_route=\/wp\/v2\/pages\/552\/revisions"}],"predecessor-version":[{"id":686,"href":"https:\/\/partyservice-staffel.de\/index.php?rest_route=\/wp\/v2\/pages\/552\/revisions\/686"}],"wp:attachment":[{"href":"https:\/\/partyservice-staffel.de\/index.php?rest_route=%2Fwp%2Fv2%2Fmedia&parent=552"}],"curies":[{"name":"wp","href":"https:\/\/api.w.org\/{rel}","templated":true}]}}