{"id":57,"date":"2016-06-19T10:54:29","date_gmt":"2016-06-19T10:54:29","guid":{"rendered":"http:\/\/okab.pixeldima.com\/okab\/restaurant\/?page_id=57"},"modified":"2025-01-06T16:04:36","modified_gmt":"2025-01-06T15:04:36","slug":"reservation","status":"publish","type":"page","link":"https:\/\/partyservice-staffel.de\/?page_id=57","title":{"rendered":"Buchungsanfrage"},"content":{"rendered":"<div class=\"wpb-content-wrapper\"><p>[vc_row bg_type=&#8220;&#8220; dima_canvas_style=&#8220;&#8220; translate_x=&#8220;0&#8243; dima_z_index=&#8220;0&#8243; delay=&#8220;&#8220; delay_duration=&#8220;&#8220; delay_offset=&#8220;&#8220; top_and_bottom_padding=&#8220;&#8220; left_and_right_padding=&#8220;&#8220;][vc_column min_height=&#8220;&#8220; bg_type=&#8220;&#8220; dima_canvas_style=&#8220;&#8220; translate_x=&#8220;0&#8243; dima_z_index=&#8220;0&#8243; delay=&#8220;&#8220; delay_duration=&#8220;&#8220; delay_offset=&#8220;&#8220; top_and_bottom_padding=&#8220;&#8220; left_and_right_padding=&#8220;&#8220; width=&#8220;1\/1&#8243;]<h2  class=\"dima-custom-heading text-center\" >Buchungsanfrage \/ Lieferbedingungen<\/h2><div  class=\"dima-clear\" style=\"padding-bottom:10px\"><\/div><div  class=\"dima-divider line-hr\" ><\/div>[vc_row_inner bg_type=&#8220;bg_color&#8220; dima_canvas_style=&#8220;&#8220; translate_x=&#8220;0&#8243; dima_z_index=&#8220;0&#8243; top_and_bottom_padding=&#8220;&#8220; left_and_right_padding=&#8220;&#8220; class=&#8220;&#8220; style=&#8220;&#8220;][vc_column_inner animation=&#8220;fadeInUp&#8220; delay=&#8220;200&#8243; delay_duration=&#8220;&#8220; delay_offset=&#8220;&#8220; translate_x=&#8220;0&#8243; dima_z_index=&#8220;0&#8243; width=&#8220;1\/2&#8243; id=&#8220;&#8220; class=&#8220;&#8220; style=&#8220;&#8220;][\/vc_column_inner][vc_column_inner animation=&#8220;fadeInUp&#8220; delay=&#8220;400&#8243; delay_duration=&#8220;&#8220; delay_offset=&#8220;&#8220; translate_x=&#8220;0&#8243; dima_z_index=&#8220;0&#8243; width=&#8220;1\/2&#8243; id=&#8220;&#8220; class=&#8220;&#8220; style=&#8220;&#8220;][\/vc_column_inner][\/vc_row_inner]<div  class=\"dima-clear\" style=\"padding-bottom:30px\"><\/div><a   data-direction=\"down\" class=\"dima-button di_header fill dima-btn-small float-center icon\"  href=\"https:\/\/partyservice-staffel.de\/?page_id=552\"    ><i class=\"fas fa-truck\"><\/i>Lieferbedingungen<\/a>[\/vc_column][\/vc_row][vc_row no_padding=&#8220;true&#8220; bg_type=&#8220;&#8220; dima_canvas_style=&#8220;&#8220; translate_x=&#8220;0&#8243; dima_z_index=&#8220;0&#8243; delay=&#8220;&#8220; delay_duration=&#8220;&#8220; delay_offset=&#8220;&#8220; top_and_bottom_padding=&#8220;&#8220; left_and_right_padding=&#8220;&#8220; id=&#8220;&#8220; class=&#8220;&#8220; border_color=&#8220;&#8220;][vc_column min_height=&#8220;&#8220; bg_type=&#8220;&#8220; dima_canvas_style=&#8220;&#8220; translate_x=&#8220;0&#8243; dima_z_index=&#8220;0&#8243; delay=&#8220;&#8220; delay_duration=&#8220;&#8220; delay_offset=&#8220;&#8220; top_and_bottom_padding=&#8220;&#8220; left_and_right_padding=&#8220;&#8220; width=&#8220;1\/1&#8243; id=&#8220;&#8220; class=&#8220;&#8220; style=&#8220;&#8220; border_color=&#8220;&#8220;]<div  class=\"dima-clear\" style=\"padding-bottom:10px\"><\/div><div  class=\"dima-divider line-hr\" ><\/div><p style=\"text-align: center;\">Sie sind interessiert, oder wollen sich ein unverbindliches Angebot einholen?<\/p>\n<p style=\"text-align: center;\">Dann k\u00f6nnen Sie hier, f\u00fcr ein k\u00fcnftiges Event eine Buchungsanfrage senden.<\/p>\n<p style=\"text-align: center;\"><strong>alle mit * markierten Felder sind Pflichtfelder<\/strong><\/p>\n<div  class=\"dima-clear\" style=\"padding-bottom:4.5em\"><\/div>\n<div class=\"wpcf7 no-js\" id=\"wpcf7-f244-o1\" lang=\"de-DE\" dir=\"ltr\" data-wpcf7-id=\"244\">\n<div class=\"screen-reader-response\"><p role=\"status\" aria-live=\"polite\" aria-atomic=\"true\"><\/p> <ul><\/ul><\/div>\n<form action=\"\/index.php?rest_route=%2Fwp%2Fv2%2Fpages%2F57#wpcf7-f244-o1\" method=\"post\" class=\"wpcf7-form init\" aria-label=\"Kontaktformular\" novalidate=\"novalidate\" data-status=\"init\">\n<fieldset class=\"hidden-fields-container\"><input type=\"hidden\" name=\"_wpcf7\" value=\"244\" \/><input type=\"hidden\" name=\"_wpcf7_version\" value=\"6.1.5\" \/><input type=\"hidden\" name=\"_wpcf7_locale\" value=\"de_DE\" \/><input type=\"hidden\" name=\"_wpcf7_unit_tag\" value=\"wpcf7-f244-o1\" \/><input type=\"hidden\" name=\"_wpcf7_container_post\" value=\"0\" \/><input type=\"hidden\" name=\"_wpcf7_posted_data_hash\" value=\"\" \/>\n<\/fieldset>\n<div class=\"ok-row\">\n\t<div class=\"ok-md-4 ok-xsd-12\">\n\t\t<p>Name (*)\n\t\t<\/p>\n\t\t<p><span class=\"wpcf7-form-control-wrap\" data-name=\"your-name\"><input size=\"40\" maxlength=\"400\" class=\"wpcf7-form-control wpcf7-text wpcf7-validates-as-required\" aria-required=\"true\" aria-invalid=\"false\" value=\"\" type=\"text\" name=\"your-name\" \/><\/span>\n\t\t<\/p>\n\t<\/div>\n\t<div class=\"ok-md-4 ok-xsd-12\">\n\t\t<p>Email (*)\n\t\t<\/p>\n\t\t<p><span class=\"wpcf7-form-control-wrap\" data-name=\"your-email\"><input size=\"40\" maxlength=\"400\" class=\"wpcf7-form-control wpcf7-email wpcf7-validates-as-required wpcf7-text wpcf7-validates-as-email\" aria-required=\"true\" aria-invalid=\"false\" value=\"\" type=\"email\" name=\"your-email\" \/><\/span>\n\t\t<\/p>\n\t<\/div>\n\t<div class=\"ok-md-4 ok-xsd-12\">\n\t\t<p>Telefonnummer (*)\n\t\t<\/p>\n\t\t<p><span class=\"wpcf7-form-control-wrap\" data-name=\"tel-318\"><input size=\"40\" maxlength=\"400\" class=\"wpcf7-form-control wpcf7-tel wpcf7-validates-as-required wpcf7-text wpcf7-validates-as-tel\" aria-required=\"true\" aria-invalid=\"false\" value=\"\" type=\"tel\" name=\"tel-318\" \/><\/span>\n\t\t<\/p>\n\t<\/div>\n\t<p><span id=\"wpcf7-69f2775d89366-wrapper\" class=\"wpcf7-form-control-wrap Alter-807-wrap\" ><input type=\"hidden\" name=\"Alter-807-time-start\" value=\"1777497949\"><input type=\"hidden\" name=\"Alter-807-time-check\" value=\"4\"><label for=\"wpcf7-69f2775d89366-field\" class=\"hp-message\">Bitte lasse dieses Feld leer.<\/label><input id=\"wpcf7-69f2775d89366-field\"  class=\"wpcf7-form-control wpcf7-text\" type=\"text\" name=\"Alter-807\" value=\"\" size=\"40\" tabindex=\"-1\" autocomplete=\"off\" \/><\/span>\n\t<\/p>\n\t<div class=\"ok-md-4 ok-xsd-12\">\n\t\t<p>welche Art von Event? (*)\n\t\t<\/p>\n\t\t<p><span class=\"wpcf7-form-control-wrap\" data-name=\"welcheArtvonEvent\"><input size=\"40\" maxlength=\"400\" class=\"wpcf7-form-control wpcf7-text wpcf7-validates-as-required\" aria-required=\"true\" aria-invalid=\"false\" value=\"\" type=\"text\" name=\"welcheArtvonEvent\" \/><\/span>\n\t\t<\/p>\n\t<\/div>\n\t<div class=\"ok-md-4 ok-xsd-12\">\n\t\t<p>wo soll das Event statt finden? (*)\n\t\t<\/p>\n\t\t<p><span class=\"wpcf7-form-control-wrap\" data-name=\"wosolldasEventstattfinden\"><select class=\"wpcf7-form-control wpcf7-select wpcf7-validates-as-required\" aria-required=\"true\" aria-invalid=\"false\" name=\"wosolldasEventstattfinden\"><option value=\"\">&#8211; Bitte ausw\u00e4hlen &#8211;<\/option><option value=\"Gratzfelder Scheune\">Gratzfelder Scheune<\/option><option value=\"andere Location\">andere Location<\/option><\/select><\/span>\n\t\t<\/p>\n\t<\/div>\n\t<div class=\"ok-md-4 ok-xsd-12\">\n\t\t<p>Personenanzahl (*)\n\t\t<\/p>\n\t\t<p><span class=\"wpcf7-form-control-wrap\" data-name=\"Personenanzahl\"><input size=\"40\" maxlength=\"400\" class=\"wpcf7-form-control wpcf7-text wpcf7-validates-as-required\" aria-required=\"true\" aria-invalid=\"false\" value=\"\" type=\"text\" name=\"Personenanzahl\" \/><\/span>\n\t\t<\/p>\n\t<\/div>\n\t<p><span id=\"wpcf7-69f2775d943db-wrapper\" class=\"wpcf7-form-control-wrap Alter-807-wrap\" ><input type=\"hidden\" name=\"Alter-807-time-start\" value=\"1777497949\"><input type=\"hidden\" name=\"Alter-807-time-check\" value=\"4\"><label for=\"wpcf7-69f2775d943db-field\" class=\"hp-message\">Bitte lasse dieses Feld leer.<\/label><input id=\"wpcf7-69f2775d943db-field\"  class=\"wpcf7-form-control wpcf7-text\" type=\"text\" name=\"Alter-807\" value=\"\" size=\"40\" tabindex=\"-1\" autocomplete=\"off\" \/><\/span>\n\t<\/p>\n\t<div class=\"ok-md-4 ok-xsd-12\">\n\t\t<p>wann soll das Event statt finden? *\n\t\t<\/p>\n\t\t<p><span class=\"wpcf7-form-control-wrap\" data-name=\"your-date\"><input class=\"wpcf7-form-control wpcf7-date wpcf7-validates-as-required wpcf7-validates-as-date required\" min=\"2025-01-01\" aria-required=\"true\" aria-invalid=\"false\" value=\"2026-04-29\" type=\"date\" name=\"your-date\" \/><\/span>\n\t\t<\/p>\n\t<\/div>\n\t<div class=\"ok-md-4 ok-xsd-12\">\n\t\t<p>Uhrzeit (*)\n\t\t<\/p>\n\t\t<p><span class=\"wpcf7-form-control-wrap\" data-name=\"text-439\"><input size=\"40\" maxlength=\"400\" class=\"wpcf7-form-control wpcf7-text wpcf7-validates-as-required\" aria-required=\"true\" aria-invalid=\"false\" value=\"\" type=\"text\" name=\"text-439\" \/><\/span>\n\t\t<\/p>\n\t<\/div>\n\t<div class=\"ok-md-4 ok-xsd-12\">\n\t\t<p>Geschirrwunsch? *\n\t\t<\/p>\n\t\t<p><span class=\"wpcf7-form-control-wrap\" data-name=\"select-560\"><select class=\"wpcf7-form-control wpcf7-select\" aria-invalid=\"false\" name=\"select-560\"><option value=\"mit Leihgeschirr\">mit Leihgeschirr<\/option><option value=\"ohne Leihgeschirr\">ohne Leihgeschirr<\/option><\/select><\/span>\n\t\t<\/p>\n\t<\/div>\n\t<p><span id=\"wpcf7-69f2775d94941-wrapper\" class=\"wpcf7-form-control-wrap honeypot-515-wrap\" ><input type=\"hidden\" name=\"honeypot-515-time-start\" value=\"1777497949\"><input type=\"hidden\" name=\"honeypot-515-time-check\" value=\"4\"><label for=\"wpcf7-69f2775d94941-field\" class=\"hp-message\">Bitte lasse dieses Feld leer.<\/label><input id=\"wpcf7-69f2775d94941-field\"  class=\"wpcf7-form-control wpcf7-text\" type=\"text\" name=\"honeypot-515\" value=\"\" size=\"40\" tabindex=\"-1\" autocomplete=\"off\" \/><\/span>\n\t<\/p>\n\t<div class=\"ok-md-4 ok-xsd-12\">\n\t\t<p>Veranstaltungsadresse *\n\t\t<\/p>\n\t\t<p><span class=\"wpcf7-form-control-wrap\" data-name=\"Veranstaltungsadressestrasse\"><input size=\"40\" maxlength=\"400\" class=\"wpcf7-form-control wpcf7-text wpcf7-validates-as-required\" aria-required=\"true\" aria-invalid=\"false\" placeholder=\"Stra\u00dfe\" value=\"\" type=\"text\" name=\"Veranstaltungsadressestrasse\" \/><\/span><br \/>\n<span class=\"wpcf7-form-control-wrap\" data-name=\"Veranstaltungsadressesseort\"><input size=\"40\" maxlength=\"400\" class=\"wpcf7-form-control wpcf7-text wpcf7-validates-as-required\" aria-required=\"true\" aria-invalid=\"false\" placeholder=\"PLZ \/ Ort\" value=\"\" type=\"text\" name=\"Veranstaltungsadressesseort\" \/><\/span>\n\t\t<\/p>\n\t<\/div>\n\t<div class=\"ok-md-4 ok-xsd-12\">\n\t\t<p>Rechnungsadresse *\n\t\t<\/p>\n\t\t<p><span class=\"wpcf7-form-control-wrap\" data-name=\"Rechnungsadressestrasse\"><input size=\"40\" maxlength=\"400\" class=\"wpcf7-form-control wpcf7-text wpcf7-validates-as-required\" aria-required=\"true\" aria-invalid=\"false\" placeholder=\"Stra\u00dfe\" value=\"\" type=\"text\" name=\"Rechnungsadressestrasse\" \/><\/span><br \/>\n<span class=\"wpcf7-form-control-wrap\" data-name=\"Rechnungsadresseort\"><input size=\"40\" maxlength=\"400\" class=\"wpcf7-form-control wpcf7-text wpcf7-validates-as-required\" aria-required=\"true\" aria-invalid=\"false\" placeholder=\"PLZ \/ Ort\" value=\"\" type=\"text\" name=\"Rechnungsadresseort\" \/><\/span>\n\t\t<\/p>\n\t<\/div>\n\t<div class=\"ok-md-4 ok-xsd-12\">\n\t\t<p>Nachricht\n\t\t<\/p>\n\t\t<p><span class=\"wpcf7-form-control-wrap\" data-name=\"your-message\"><textarea cols=\"40\" rows=\"10\" maxlength=\"2000\" class=\"wpcf7-form-control wpcf7-textarea\" aria-invalid=\"false\" name=\"your-message\"><\/textarea><\/span>\n\t\t<\/p>\n\t\t<p><input class=\"wpcf7-form-control wpcf7-submit has-spinner\" type=\"submit\" value=\"Senden\" \/>\n\t\t<\/p>\n\t<\/div>\n<\/div><input type='hidden' class='wpcf7-pum' value='{\"closepopup\":false,\"closedelay\":0,\"openpopup\":false,\"openpopup_id\":0}' \/><div class=\"wpcf7-response-output\" aria-hidden=\"true\"><\/div>\n<\/form>\n<\/div>\n[\/vc_column][\/vc_row]<\/p>\n<\/div>","protected":false},"excerpt":{"rendered":"<p>[vc_row bg_type=&#8220;&#8220; dima_canvas_style=&#8220;&#8220; translate_x=&#8220;0&#8243; dima_z_index=&#8220;0&#8243; delay=&#8220;&#8220; delay_duration=&#8220;&#8220; delay_offset=&#8220;&#8220; top_and_bottom_padding=&#8220;&#8220; left_and_right_padding=&#8220;&#8220;][vc_column min_height=&#8220;&#8220; bg_type=&#8220;&#8220; dima_canvas_style=&#8220;&#8220; translate_x=&#8220;0&#8243; dima_z_index=&#8220;0&#8243; delay=&#8220;&#8220; delay_duration=&#8220;&#8220; delay_offset=&#8220;&#8220; top_and_bottom_padding=&#8220;&#8220; left_and_right_padding=&#8220;&#8220; width=&#8220;1\/1&#8243;][vc_row_inner bg_type=&#8220;bg_color&#8220; dima_canvas_style=&#8220;&#8220; translate_x=&#8220;0&#8243; dima_z_index=&#8220;0&#8243; top_and_bottom_padding=&#8220;&#8220; left_and_right_padding=&#8220;&#8220; class=&#8220;&#8220; style=&#8220;&#8220;][vc_column_inner animation=&#8220;fadeInUp&#8220; delay=&#8220;200&#8243; delay_duration=&#8220;&#8220; delay_offset=&#8220;&#8220; translate_x=&#8220;0&#8243; dima_z_index=&#8220;0&#8243; width=&#8220;1\/2&#8243; id=&#8220;&#8220; class=&#8220;&#8220; style=&#8220;&#8220;][\/vc_column_inner][vc_column_inner animation=&#8220;fadeInUp&#8220; delay=&#8220;400&#8243; delay_duration=&#8220;&#8220; delay_offset=&#8220;&#8220; translate_x=&#8220;0&#8243; dima_z_index=&#8220;0&#8243; width=&#8220;1\/2&#8243; id=&#8220;&#8220; class=&#8220;&#8220; style=&#8220;&#8220;][\/vc_column_inner][\/vc_row_inner][\/vc_column][\/vc_row][vc_row no_padding=&#8220;true&#8220; bg_type=&#8220;&#8220; dima_canvas_style=&#8220;&#8220; translate_x=&#8220;0&#8243; dima_z_index=&#8220;0&#8243; delay=&#8220;&#8220; [&hellip;]<\/p>\n","protected":false},"author":1,"featured_media":0,"parent":0,"menu_order":0,"comment_status":"closed","ping_status":"closed","template":"","meta":{"footnotes":""},"class_list":["post-57","page","type-page","status-publish","hentry"],"_links":{"self":[{"href":"https:\/\/partyservice-staffel.de\/index.php?rest_route=\/wp\/v2\/pages\/57","targetHints":{"allow":["GET"]}}],"collection":[{"href":"https:\/\/partyservice-staffel.de\/index.php?rest_route=\/wp\/v2\/pages"}],"about":[{"href":"https:\/\/partyservice-staffel.de\/index.php?rest_route=\/wp\/v2\/types\/page"}],"author":[{"embeddable":true,"href":"https:\/\/partyservice-staffel.de\/index.php?rest_route=\/wp\/v2\/users\/1"}],"replies":[{"embeddable":true,"href":"https:\/\/partyservice-staffel.de\/index.php?rest_route=%2Fwp%2Fv2%2Fcomments&post=57"}],"version-history":[{"count":24,"href":"https:\/\/partyservice-staffel.de\/index.php?rest_route=\/wp\/v2\/pages\/57\/revisions"}],"predecessor-version":[{"id":670,"href":"https:\/\/partyservice-staffel.de\/index.php?rest_route=\/wp\/v2\/pages\/57\/revisions\/670"}],"wp:attachment":[{"href":"https:\/\/partyservice-staffel.de\/index.php?rest_route=%2Fwp%2Fv2%2Fmedia&parent=57"}],"curies":[{"name":"wp","href":"https:\/\/api.w.org\/{rel}","templated":true}]}}