{"id":582,"date":"2025-01-05T14:27:44","date_gmt":"2025-01-05T13:27:44","guid":{"rendered":"https:\/\/partyservice-staffel.de\/?page_id=582"},"modified":"2025-03-11T17:11:49","modified_gmt":"2025-03-11T16:11:49","slug":"partryscheune","status":"publish","type":"page","link":"https:\/\/partyservice-staffel.de\/?page_id=582","title":{"rendered":"Partyscheune"},"content":{"rendered":"<div class=\"wpb-content-wrapper\"><p>[vc_row bg_type=&#8220;&#8220; dima_canvas_style=&#8220;&#8220; translate_x=&#8220;0&#8243; dima_z_index=&#8220;0&#8243; delay=&#8220;&#8220; delay_duration=&#8220;&#8220; delay_offset=&#8220;&#8220;][vc_column min_height=&#8220;&#8220; bg_type=&#8220;&#8220; dima_canvas_style=&#8220;&#8220; translate_x=&#8220;0&#8243; dima_z_index=&#8220;0&#8243; delay=&#8220;&#8220; delay_duration=&#8220;&#8220; delay_offset=&#8220;&#8220; width=&#8220;1\/1&#8243;][\/vc_column][\/vc_row][vc_row bg_type=&#8220;&#8220; dima_canvas_style=&#8220;&#8220; translate_x=&#8220;0&#8243; dima_z_index=&#8220;0&#8243; delay=&#8220;&#8220; delay_duration=&#8220;&#8220; delay_offset=&#8220;&#8220; top_and_bottom_padding=&#8220;&#8220; left_and_right_padding=&#8220;&#8220;][vc_column min_height=&#8220;&#8220; bg_type=&#8220;&#8220; dima_canvas_style=&#8220;&#8220; translate_x=&#8220;0&#8243; dima_z_index=&#8220;0&#8243; delay=&#8220;&#8220; delay_duration=&#8220;&#8220; delay_offset=&#8220;&#8220; top_and_bottom_padding=&#8220;&#8220; left_and_right_padding=&#8220;&#8220; width=&#8220;1\/1&#8243;]<div  class=\"owl-slider\"><ul class=\"owl-carousel owl-theme owl-rtl owl-darck\" data-dima-element=\"owl_slider\" data-dima-params=\"{&quot;pagination&quot;:true,&quot;auto_play&quot;:true,&quot;navigation&quot;:false,&quot;loop&quot;:true,&quot;mouse_wheel&quot;:false,&quot;items&quot;:1,&quot;items_phone&quot;:1,&quot;items_tablet&quot;:1,&quot;items_margin&quot;:0,&quot;smart_speed&quot;:&quot;250&quot;,&quot;autoplay_speed&quot;:&quot;700&quot;,&quot;dots_speed&quot;:&quot;500&quot;,&quot;is_rtl&quot;:false}\" data-owl-namber=\"3\"><li   class=\"owl-item\" ><\/li><\/ul><\/div><h2  class=\"dima-custom-heading text-center\" >Gratzfelder Partyscheune<\/h2><div  class=\"dima-clear\" style=\"padding-bottom:10px\"><\/div><div  class=\"dima-divider line-hr\" ><\/div><div id=\"newscontent\" class=\"container-fluid\" align=\"center\">\n<p>Unsere gem\u00fctliche und komfortabel ausgebaute Scheune k\u00f6nnen Sie f\u00fcr Ihre Feste mieten. Unser Partyservice versorgt Sie nach Ihren W\u00fcnschen mit Essen und Getr\u00e4nken aus unserer reichhaltigen Auswahl \u2013 und das zu g\u00fcnstigen Preisen. Gerne beraten wir Sie pers\u00f6nlich und erstellen Ihnen ein Angebot.<\/p>\n<p>Wir werden sehr oft nach unserer Preisliste gefragt \u2013 das ist verst\u00e4ndlich.<\/p>\n<p>Wir haben aber keine und dies aus guten Gr\u00fcnden. Die Bandbreite der von uns abgewickelten Events reicht von 10 bis mehreren Hundert Personen \u2013 allein auf Grund dieses Umstands ist ein fixer Preis f\u00fcr eine bestimmte Leistung nicht sinnvoll. Dazu bietet jedes Fest noch eine derartige F\u00fclle von besonderen Randbedingungen, so dass feste Preisvorgaben keine angemessene L\u00f6sung sein k\u00f6nnen.<\/p>\n<p>Unser Vorschlag: Unterhalten Sie sich mit uns ausf\u00fchrlich \u00fcber Ihre W\u00fcnsche. Anschlie\u00dfend fertigen wir ein passgenaues, auf Ihre Bed\u00fcrfnisse zugeschnittenes Angebot, mit dem Sie wirklich etwas anfangen k\u00f6nnen. Das ist f\u00fcr uns zwar mehr Arbeit, die machen wir f\u00fcr unsere Kunden jedoch gerne.<\/p>\n<\/div>\n<div  class=\"owl-slider\"><ul class=\"owl-carousel owl-theme owl-rtl owl-darck\" data-dima-element=\"owl_slider\" data-dima-params=\"{&quot;pagination&quot;:true,&quot;auto_play&quot;:true,&quot;navigation&quot;:false,&quot;loop&quot;:true,&quot;mouse_wheel&quot;:false,&quot;items&quot;:1,&quot;items_phone&quot;:1,&quot;items_tablet&quot;:1,&quot;items_margin&quot;:0,&quot;smart_speed&quot;:&quot;250&quot;,&quot;autoplay_speed&quot;:&quot;700&quot;,&quot;dots_speed&quot;:&quot;500&quot;,&quot;is_rtl&quot;:false}\" data-owl-namber=\"3\"><li   class=\"owl-item\" ><\/li><\/ul><\/div><div  class=\"dima-clear\" style=\"padding-bottom:4em\"><\/div>[\/vc_column][\/vc_row][vc_row bg_type=&#8220;&#8220; dima_canvas_style=&#8220;&#8220; translate_x=&#8220;0&#8243; dima_z_index=&#8220;0&#8243; delay=&#8220;&#8220; delay_duration=&#8220;&#8220; delay_offset=&#8220;&#8220; top_and_bottom_padding=&#8220;&#8220; left_and_right_padding=&#8220;&#8220; bg_color=&#8220;#f9f9f9&#8243; class=&#8220;&#8220; style=&#8220;&#8220; id=&#8220;&#8220; css=&#8220;.vc_custom_1736085057122{background-color: #ffffff !important;}&#8220; border_color=&#8220;&#8220;][vc_column min_height=&#8220;&#8220; content_position=&#8220;center&#8220; float=&#8220;center&#8220; bg_type=&#8220;&#8220; dima_canvas_style=&#8220;&#8220; translate_x=&#8220;0&#8243; dima_z_index=&#8220;0&#8243; delay=&#8220;&#8220; delay_duration=&#8220;&#8220; delay_offset=&#8220;&#8220; top_and_bottom_padding=&#8220;&#8220; left_and_right_padding=&#8220;&#8220; width=&#8220;1\/1&#8243; id=&#8220;&#8220; class=&#8220;&#8220; style=&#8220;&#8220; border_color=&#8220;&#8220;]<div  class=\"dima-divider line-hr\" ><\/div><h2  class=\"dima-custom-heading text-center\" >unsere Bildergalerie der Partyscheune<\/h2><div  class=\"dima-clear\" style=\"padding-bottom:10px\"><\/div><div  class=\"dima-divider line-hr\" ><\/div><div  class=\"dima-clear\" style=\"padding-bottom:3em\"><\/div>[vc_row_inner bg_type=&#8220;bg_color&#8220; dima_canvas_style=&#8220;&#8220; translate_x=&#8220;0&#8243; dima_z_index=&#8220;0&#8243; top_and_bottom_padding=&#8220;&#8220; left_and_right_padding=&#8220;&#8220;][vc_column_inner animation=&#8220;fadeInLeft&#8220; delay=&#8220;800&#8243; delay_duration=&#8220;&#8220; delay_offset=&#8220;&#8220; translate_x=&#8220;0&#8243; dima_z_index=&#8220;0&#8243; width=&#8220;1\/4&#8243; id=&#8220;&#8220; class=&#8220;&#8220; style=&#8220;&#8220;]<div class=\"column-item overflow-hidden text-center\"><a data-lightbox=image  class=\"overlay dima-img \"  href=\"https:\/\/partyservice-staffel.de\/wp-content\/uploads\/2024\/12\/g23-e1738960737355.jpg\"   ><img loading=\"lazy\" decoding=\"async\" src=\"https:\/\/partyservice-staffel.de\/wp-content\/uploads\/2024\/12\/g23-e1738960737355.jpg\" alt=\"\" width=\"500\" height=\"500\"><\/a><\/div>[\/vc_column_inner][vc_column_inner animation=&#8220;fadeInLeft&#8220; delay=&#8220;600&#8243; delay_duration=&#8220;&#8220; delay_offset=&#8220;&#8220; translate_x=&#8220;0&#8243; dima_z_index=&#8220;0&#8243; width=&#8220;1\/4&#8243; id=&#8220;&#8220; class=&#8220;&#8220; style=&#8220;&#8220;]<div class=\"column-item overflow-hidden text-center\"><a data-lightbox=image  class=\"overlay dima-img \"  href=\"https:\/\/partyservice-staffel.de\/wp-content\/uploads\/2024\/12\/g21-e1738961111474.jpg\"   ><img loading=\"lazy\" decoding=\"async\" src=\"https:\/\/partyservice-staffel.de\/wp-content\/uploads\/2024\/12\/g21-e1738961111474.jpg\" alt=\"\" width=\"507\" height=\"507\"><\/a><\/div>[\/vc_column_inner][vc_column_inner animation=&#8220;fadeInLeft&#8220; delay=&#8220;400&#8243; delay_duration=&#8220;&#8220; delay_offset=&#8220;&#8220; translate_x=&#8220;0&#8243; dima_z_index=&#8220;0&#8243; width=&#8220;1\/4&#8243; id=&#8220;&#8220; class=&#8220;&#8220; style=&#8220;&#8220;]<div class=\"column-item overflow-hidden text-center\"><a data-lightbox=image  class=\"overlay dima-img \"  href=\"https:\/\/partyservice-staffel.de\/wp-content\/uploads\/2025\/03\/Bild-1.jpg\"   ><img loading=\"lazy\" decoding=\"async\" src=\"https:\/\/partyservice-staffel.de\/wp-content\/uploads\/2025\/03\/Bild-1.jpg\" alt=\"\" width=\"558\" height=\"558\"><\/a><\/div>[\/vc_column_inner][vc_column_inner animation=&#8220;fadeInLeft&#8220; delay=&#8220;200&#8243; delay_duration=&#8220;&#8220; delay_offset=&#8220;&#8220; translate_x=&#8220;0&#8243; dima_z_index=&#8220;0&#8243; width=&#8220;1\/4&#8243; id=&#8220;&#8220; class=&#8220;&#8220; style=&#8220;&#8220;]<div class=\"column-item overflow-hidden text-center\"><a data-lightbox=image  class=\"overlay dima-img \"  href=\"https:\/\/partyservice-staffel.de\/wp-content\/uploads\/2024\/12\/g15-e1738961294709.jpg\"   ><img loading=\"lazy\" decoding=\"async\" src=\"https:\/\/partyservice-staffel.de\/wp-content\/uploads\/2024\/12\/g15-e1738961294709.jpg\" alt=\"\" width=\"507\" height=\"507\"><\/a><\/div>[\/vc_column_inner][\/vc_row_inner]<div  class=\"dima-clear\" style=\"padding-bottom:3em\"><\/div>[vc_row_inner bg_type=&#8220;bg_color&#8220; dima_canvas_style=&#8220;&#8220; translate_x=&#8220;0&#8243; dima_z_index=&#8220;0&#8243; top_and_bottom_padding=&#8220;&#8220; left_and_right_padding=&#8220;&#8220;][vc_column_inner animation=&#8220;fadeInLeft&#8220; delay=&#8220;800&#8243; delay_duration=&#8220;&#8220; delay_offset=&#8220;&#8220; translate_x=&#8220;0&#8243; dima_z_index=&#8220;0&#8243; width=&#8220;1\/4&#8243; id=&#8220;&#8220; class=&#8220;&#8220; style=&#8220;&#8220;]<div class=\"column-item overflow-hidden text-center\"><a data-lightbox=image  class=\"overlay dima-img \"  href=\"https:\/\/partyservice-staffel.de\/wp-content\/uploads\/2024\/12\/g12-e1738961396846.jpg\"   ><img loading=\"lazy\" decoding=\"async\" src=\"https:\/\/partyservice-staffel.de\/wp-content\/uploads\/2024\/12\/g12-e1738961396846.jpg\" alt=\"\" width=\"600\" height=\"600\"><\/a><\/div>[\/vc_column_inner][vc_column_inner animation=&#8220;fadeInLeft&#8220; delay=&#8220;600&#8243; delay_duration=&#8220;&#8220; delay_offset=&#8220;&#8220; translate_x=&#8220;0&#8243; dima_z_index=&#8220;0&#8243; width=&#8220;1\/4&#8243; id=&#8220;&#8220; class=&#8220;&#8220; style=&#8220;&#8220;]<div class=\"column-item overflow-hidden text-center\"><a data-lightbox=image  class=\"overlay dima-img \"  href=\"https:\/\/partyservice-staffel.de\/wp-content\/uploads\/2025\/03\/Bild-2.jpg\"   ><img loading=\"lazy\" decoding=\"async\" src=\"https:\/\/partyservice-staffel.de\/wp-content\/uploads\/2025\/03\/Bild-2.jpg\" alt=\"\" width=\"558\" height=\"558\"><\/a><\/div>[\/vc_column_inner][vc_column_inner animation=&#8220;fadeInLeft&#8220; delay=&#8220;400&#8243; delay_duration=&#8220;&#8220; delay_offset=&#8220;&#8220; translate_x=&#8220;0&#8243; dima_z_index=&#8220;0&#8243; width=&#8220;1\/4&#8243; id=&#8220;&#8220; class=&#8220;&#8220; style=&#8220;&#8220;]<div class=\"column-item overflow-hidden text-center\"><a data-lightbox=image  class=\"overlay dima-img \"  href=\"https:\/\/partyservice-staffel.de\/wp-content\/uploads\/2024\/12\/g1-e1738961668983.jpg\"   ><img loading=\"lazy\" decoding=\"async\" src=\"https:\/\/partyservice-staffel.de\/wp-content\/uploads\/2024\/12\/g1-e1738961668983.jpg\" alt=\"\" width=\"768\" height=\"768\"><\/a><\/div>[\/vc_column_inner][vc_column_inner animation=&#8220;fadeInLeft&#8220; delay=&#8220;200&#8243; delay_duration=&#8220;&#8220; delay_offset=&#8220;&#8220; translate_x=&#8220;0&#8243; dima_z_index=&#8220;0&#8243; width=&#8220;1\/4&#8243; id=&#8220;&#8220; class=&#8220;&#8220; style=&#8220;&#8220;]<div class=\"column-item overflow-hidden text-center\"><a data-lightbox=image  class=\"overlay dima-img \"  href=\"https:\/\/partyservice-staffel.de\/wp-content\/uploads\/2025\/03\/Bild-3.jpg\"   ><img loading=\"lazy\" decoding=\"async\" src=\"https:\/\/partyservice-staffel.de\/wp-content\/uploads\/2025\/03\/Bild-3.jpg\" alt=\"\" width=\"554\" height=\"558\"><\/a><\/div>[\/vc_column_inner][\/vc_row_inner]<div  class=\"dima-clear\" style=\"padding-bottom:3em\"><\/div>[vc_row_inner bg_type=&#8220;bg_color&#8220; dima_canvas_style=&#8220;&#8220; translate_x=&#8220;0&#8243; dima_z_index=&#8220;0&#8243; top_and_bottom_padding=&#8220;&#8220; left_and_right_padding=&#8220;&#8220;][vc_column_inner animation=&#8220;fadeInLeft&#8220; delay=&#8220;800&#8243; delay_duration=&#8220;&#8220; delay_offset=&#8220;&#8220; translate_x=&#8220;0&#8243; dima_z_index=&#8220;0&#8243; width=&#8220;1\/4&#8243; id=&#8220;&#8220; class=&#8220;&#8220; style=&#8220;&#8220;]<div class=\"column-item overflow-hidden text-center\"><a data-lightbox=image  class=\"overlay dima-img \"  href=\"https:\/\/partyservice-staffel.de\/wp-content\/uploads\/2025\/03\/Bild-7.jpg\"   ><img loading=\"lazy\" decoding=\"async\" src=\"https:\/\/partyservice-staffel.de\/wp-content\/uploads\/2025\/03\/Bild-7.jpg\" alt=\"\" width=\"558\" height=\"558\"><\/a><\/div>[\/vc_column_inner][vc_column_inner animation=&#8220;fadeInLeft&#8220; delay=&#8220;600&#8243; delay_duration=&#8220;&#8220; delay_offset=&#8220;&#8220; translate_x=&#8220;0&#8243; dima_z_index=&#8220;0&#8243; width=&#8220;1\/4&#8243; id=&#8220;&#8220; class=&#8220;&#8220; style=&#8220;&#8220;]<div class=\"column-item overflow-hidden text-center\"><a data-lightbox=image  class=\"overlay dima-img \"  href=\"https:\/\/partyservice-staffel.de\/wp-content\/uploads\/2025\/03\/Bild-13.jpg\"   ><img loading=\"lazy\" decoding=\"async\" src=\"https:\/\/partyservice-staffel.de\/wp-content\/uploads\/2025\/03\/Bild-13.jpg\" alt=\"\" width=\"558\" height=\"558\"><\/a><\/div>[\/vc_column_inner][vc_column_inner animation=&#8220;fadeInLeft&#8220; delay=&#8220;400&#8243; delay_duration=&#8220;&#8220; delay_offset=&#8220;&#8220; translate_x=&#8220;0&#8243; dima_z_index=&#8220;0&#8243; width=&#8220;1\/4&#8243; id=&#8220;&#8220; class=&#8220;&#8220; style=&#8220;&#8220;]<div class=\"column-item overflow-hidden text-center\"><a data-lightbox=image  class=\"overlay dima-img \"  href=\"https:\/\/partyservice-staffel.de\/wp-content\/uploads\/2025\/03\/Bild-19.jpg\"   ><img loading=\"lazy\" decoding=\"async\" src=\"https:\/\/partyservice-staffel.de\/wp-content\/uploads\/2025\/03\/Bild-19.jpg\" alt=\"\" width=\"558\" height=\"558\"><\/a><\/div>[\/vc_column_inner][vc_column_inner delay=&#8220;&#8220; delay_duration=&#8220;&#8220; delay_offset=&#8220;&#8220; translate_x=&#8220;0&#8243; dima_z_index=&#8220;0&#8243; width=&#8220;1\/4&#8243;]<div class=\"column-item overflow-hidden text-center\"><a data-lightbox=image  class=\"overlay dima-img \"  href=\"https:\/\/partyservice-staffel.de\/wp-content\/uploads\/2025\/03\/Bild-21.jpg\"   ><img loading=\"lazy\" decoding=\"async\" src=\"https:\/\/partyservice-staffel.de\/wp-content\/uploads\/2025\/03\/Bild-21.jpg\" alt=\"\" width=\"558\" height=\"558\"><\/a><\/div>[\/vc_column_inner][\/vc_row_inner]<div  class=\"dima-clear\" style=\"padding-bottom:3em\"><\/div>[vc_row_inner bg_type=&#8220;bg_color&#8220; dima_canvas_style=&#8220;&#8220; translate_x=&#8220;0&#8243; dima_z_index=&#8220;0&#8243; top_and_bottom_padding=&#8220;&#8220; left_and_right_padding=&#8220;&#8220;][vc_column_inner animation=&#8220;fadeInLeft&#8220; delay=&#8220;800&#8243; delay_duration=&#8220;&#8220; delay_offset=&#8220;&#8220; translate_x=&#8220;0&#8243; dima_z_index=&#8220;0&#8243; width=&#8220;1\/4&#8243; id=&#8220;&#8220; class=&#8220;&#8220; style=&#8220;&#8220;]<div class=\"column-item overflow-hidden text-center\"><a data-lightbox=image  class=\"overlay dima-img \"  href=\"https:\/\/partyservice-staffel.de\/wp-content\/uploads\/2025\/03\/Bild-20.jpg\"   ><img loading=\"lazy\" decoding=\"async\" src=\"https:\/\/partyservice-staffel.de\/wp-content\/uploads\/2025\/03\/Bild-20.jpg\" alt=\"\" width=\"558\" height=\"558\"><\/a><\/div>[\/vc_column_inner][vc_column_inner animation=&#8220;fadeInLeft&#8220; delay=&#8220;600&#8243; delay_duration=&#8220;&#8220; delay_offset=&#8220;&#8220; translate_x=&#8220;0&#8243; dima_z_index=&#8220;0&#8243; width=&#8220;1\/4&#8243; id=&#8220;&#8220; class=&#8220;&#8220; style=&#8220;&#8220;]<div class=\"column-item overflow-hidden text-center\"><a data-lightbox=image  class=\"overlay dima-img \"  href=\"https:\/\/partyservice-staffel.de\/wp-content\/uploads\/2025\/03\/Bild-8.jpg\"   ><img loading=\"lazy\" decoding=\"async\" src=\"https:\/\/partyservice-staffel.de\/wp-content\/uploads\/2025\/03\/Bild-8.jpg\" alt=\"\" width=\"558\" height=\"558\"><\/a><\/div>[\/vc_column_inner][vc_column_inner animation=&#8220;fadeInLeft&#8220; delay=&#8220;400&#8243; delay_duration=&#8220;&#8220; delay_offset=&#8220;&#8220; translate_x=&#8220;0&#8243; dima_z_index=&#8220;0&#8243; width=&#8220;1\/4&#8243; id=&#8220;&#8220; class=&#8220;&#8220; style=&#8220;&#8220;]<div class=\"column-item overflow-hidden text-center\"><a data-lightbox=image  class=\"overlay dima-img \"  href=\"https:\/\/partyservice-staffel.de\/wp-content\/uploads\/2025\/03\/Bild-4.jpg\"   ><img loading=\"lazy\" decoding=\"async\" src=\"https:\/\/partyservice-staffel.de\/wp-content\/uploads\/2025\/03\/Bild-4.jpg\" alt=\"\" width=\"558\" height=\"558\"><\/a><\/div>[\/vc_column_inner][vc_column_inner delay=&#8220;&#8220; delay_duration=&#8220;&#8220; delay_offset=&#8220;&#8220; translate_x=&#8220;0&#8243; dima_z_index=&#8220;0&#8243; width=&#8220;1\/4&#8243;]<div class=\"column-item overflow-hidden text-center\"><a data-lightbox=image  class=\"overlay dima-img \"  href=\"https:\/\/partyservice-staffel.de\/wp-content\/uploads\/2025\/03\/Bild-5.jpg\"   ><img loading=\"lazy\" decoding=\"async\" src=\"https:\/\/partyservice-staffel.de\/wp-content\/uploads\/2025\/03\/Bild-5.jpg\" alt=\"\" width=\"558\" height=\"558\"><\/a><\/div>[\/vc_column_inner][\/vc_row_inner]<div  class=\"dima-clear\" style=\"padding-bottom:3em\"><\/div>[vc_row_inner bg_type=&#8220;bg_color&#8220; dima_canvas_style=&#8220;&#8220; translate_x=&#8220;0&#8243; dima_z_index=&#8220;0&#8243; top_and_bottom_padding=&#8220;&#8220; left_and_right_padding=&#8220;&#8220;][vc_column_inner animation=&#8220;fadeInLeft&#8220; delay=&#8220;800&#8243; delay_duration=&#8220;&#8220; delay_offset=&#8220;&#8220; translate_x=&#8220;0&#8243; dima_z_index=&#8220;0&#8243; width=&#8220;1\/4&#8243; id=&#8220;&#8220; class=&#8220;&#8220; style=&#8220;&#8220;]<div class=\"column-item overflow-hidden text-center\"><a data-lightbox=image  class=\"overlay dima-img \"  href=\"https:\/\/partyservice-staffel.de\/wp-content\/uploads\/2025\/03\/Bild-10.jpg\"   ><img loading=\"lazy\" decoding=\"async\" src=\"https:\/\/partyservice-staffel.de\/wp-content\/uploads\/2025\/03\/Bild-10.jpg\" alt=\"\" width=\"558\" height=\"558\"><\/a><\/div>[\/vc_column_inner][vc_column_inner animation=&#8220;fadeInLeft&#8220; delay=&#8220;600&#8243; delay_duration=&#8220;&#8220; delay_offset=&#8220;&#8220; translate_x=&#8220;0&#8243; dima_z_index=&#8220;0&#8243; width=&#8220;1\/4&#8243; id=&#8220;&#8220; class=&#8220;&#8220; style=&#8220;&#8220;]<div class=\"column-item overflow-hidden text-center\"><a data-lightbox=image  class=\"overlay dima-img \"  href=\"https:\/\/partyservice-staffel.de\/wp-content\/uploads\/2025\/03\/Bild-11.jpg\"   ><img loading=\"lazy\" decoding=\"async\" src=\"https:\/\/partyservice-staffel.de\/wp-content\/uploads\/2025\/03\/Bild-11.jpg\" alt=\"\" width=\"558\" height=\"558\"><\/a><\/div>[\/vc_column_inner][vc_column_inner animation=&#8220;fadeInLeft&#8220; delay=&#8220;400&#8243; delay_duration=&#8220;&#8220; delay_offset=&#8220;&#8220; translate_x=&#8220;0&#8243; dima_z_index=&#8220;0&#8243; width=&#8220;1\/4&#8243; id=&#8220;&#8220; class=&#8220;&#8220; style=&#8220;&#8220;]<div class=\"column-item overflow-hidden text-center\"><a data-lightbox=image  class=\"overlay dima-img \"  href=\"https:\/\/partyservice-staffel.de\/wp-content\/uploads\/2025\/03\/Bild-12.jpg\"   ><img loading=\"lazy\" decoding=\"async\" src=\"https:\/\/partyservice-staffel.de\/wp-content\/uploads\/2025\/03\/Bild-12.jpg\" alt=\"\" width=\"558\" height=\"558\"><\/a><\/div>[\/vc_column_inner][vc_column_inner delay=&#8220;&#8220; delay_duration=&#8220;&#8220; delay_offset=&#8220;&#8220; translate_x=&#8220;0&#8243; dima_z_index=&#8220;0&#8243; width=&#8220;1\/4&#8243;]<div class=\"column-item overflow-hidden text-center\"><a data-lightbox=image  class=\"overlay dima-img \"  href=\"https:\/\/partyservice-staffel.de\/wp-content\/uploads\/2025\/03\/Bild-9.jpg\"   ><img loading=\"lazy\" decoding=\"async\" src=\"https:\/\/partyservice-staffel.de\/wp-content\/uploads\/2025\/03\/Bild-9.jpg\" alt=\"\" width=\"558\" height=\"558\"><\/a><\/div>[\/vc_column_inner][\/vc_row_inner]<div  class=\"dima-clear\" style=\"padding-bottom:3em\"><\/div>[vc_row_inner bg_type=&#8220;bg_color&#8220; dima_canvas_style=&#8220;&#8220; translate_x=&#8220;0&#8243; dima_z_index=&#8220;0&#8243; top_and_bottom_padding=&#8220;&#8220; left_and_right_padding=&#8220;&#8220;][vc_column_inner animation=&#8220;fadeInLeft&#8220; delay=&#8220;800&#8243; delay_duration=&#8220;&#8220; delay_offset=&#8220;&#8220; translate_x=&#8220;0&#8243; dima_z_index=&#8220;0&#8243; width=&#8220;1\/4&#8243; id=&#8220;&#8220; class=&#8220;&#8220; style=&#8220;&#8220;]<div class=\"column-item overflow-hidden text-center\"><a data-lightbox=image  class=\"overlay dima-img \"  href=\"https:\/\/partyservice-staffel.de\/wp-content\/uploads\/2025\/03\/Bild-18.jpg\"   ><img loading=\"lazy\" decoding=\"async\" src=\"https:\/\/partyservice-staffel.de\/wp-content\/uploads\/2025\/03\/Bild-18.jpg\" alt=\"\" width=\"558\" height=\"558\"><\/a><\/div>[\/vc_column_inner][vc_column_inner animation=&#8220;fadeInLeft&#8220; delay=&#8220;600&#8243; delay_duration=&#8220;&#8220; delay_offset=&#8220;&#8220; translate_x=&#8220;0&#8243; dima_z_index=&#8220;0&#8243; width=&#8220;1\/4&#8243; id=&#8220;&#8220; class=&#8220;&#8220; style=&#8220;&#8220;]<div class=\"column-item overflow-hidden text-center\"><a data-lightbox=image  class=\"overlay dima-img \"  href=\"https:\/\/partyservice-staffel.de\/wp-content\/uploads\/2025\/03\/Bild-17.jpg\"   ><img loading=\"lazy\" decoding=\"async\" src=\"https:\/\/partyservice-staffel.de\/wp-content\/uploads\/2025\/03\/Bild-17.jpg\" alt=\"\" width=\"571\" height=\"571\"><\/a><\/div>[\/vc_column_inner][vc_column_inner animation=&#8220;fadeInLeft&#8220; delay=&#8220;400&#8243; delay_duration=&#8220;&#8220; delay_offset=&#8220;&#8220; translate_x=&#8220;0&#8243; dima_z_index=&#8220;0&#8243; width=&#8220;1\/4&#8243; id=&#8220;&#8220; class=&#8220;&#8220; style=&#8220;&#8220;]<div class=\"column-item overflow-hidden text-center\"><a data-lightbox=image  class=\"overlay dima-img \"  href=\"https:\/\/partyservice-staffel.de\/wp-content\/uploads\/2025\/03\/Bild-16.jpg\"   ><img loading=\"lazy\" decoding=\"async\" src=\"https:\/\/partyservice-staffel.de\/wp-content\/uploads\/2025\/03\/Bild-16.jpg\" alt=\"\" width=\"569\" height=\"569\"><\/a><\/div>[\/vc_column_inner][vc_column_inner delay=&#8220;&#8220; delay_duration=&#8220;&#8220; delay_offset=&#8220;&#8220; translate_x=&#8220;0&#8243; dima_z_index=&#8220;0&#8243; width=&#8220;1\/4&#8243;]<div class=\"column-item overflow-hidden text-center\"><a data-lightbox=image  class=\"overlay dima-img \"  href=\"https:\/\/partyservice-staffel.de\/wp-content\/uploads\/2025\/03\/Bild-15.jpg\"   ><img loading=\"lazy\" decoding=\"async\" src=\"https:\/\/partyservice-staffel.de\/wp-content\/uploads\/2025\/03\/Bild-15.jpg\" alt=\"\" width=\"558\" height=\"558\"><\/a><\/div>[\/vc_column_inner][\/vc_row_inner]<div  class=\"dima-clear\" style=\"padding-bottom:15px\"><\/div>[\/vc_column][\/vc_row]<\/p>\n<\/div>","protected":false},"excerpt":{"rendered":"<p>[vc_row bg_type=&#8220;&#8220; dima_canvas_style=&#8220;&#8220; translate_x=&#8220;0&#8243; dima_z_index=&#8220;0&#8243; delay=&#8220;&#8220; delay_duration=&#8220;&#8220; delay_offset=&#8220;&#8220;][vc_column min_height=&#8220;&#8220; bg_type=&#8220;&#8220; dima_canvas_style=&#8220;&#8220; translate_x=&#8220;0&#8243; dima_z_index=&#8220;0&#8243; delay=&#8220;&#8220; delay_duration=&#8220;&#8220; delay_offset=&#8220;&#8220; width=&#8220;1\/1&#8243;][\/vc_column][\/vc_row][vc_row bg_type=&#8220;&#8220; dima_canvas_style=&#8220;&#8220; translate_x=&#8220;0&#8243; dima_z_index=&#8220;0&#8243; delay=&#8220;&#8220; delay_duration=&#8220;&#8220; delay_offset=&#8220;&#8220; top_and_bottom_padding=&#8220;&#8220; left_and_right_padding=&#8220;&#8220;][vc_column min_height=&#8220;&#8220; bg_type=&#8220;&#8220; dima_canvas_style=&#8220;&#8220; translate_x=&#8220;0&#8243; dima_z_index=&#8220;0&#8243; delay=&#8220;&#8220; delay_duration=&#8220;&#8220; delay_offset=&#8220;&#8220; top_and_bottom_padding=&#8220;&#8220; left_and_right_padding=&#8220;&#8220; width=&#8220;1\/1&#8243;][\/vc_column][\/vc_row][vc_row bg_type=&#8220;&#8220; dima_canvas_style=&#8220;&#8220; translate_x=&#8220;0&#8243; dima_z_index=&#8220;0&#8243; delay=&#8220;&#8220; delay_duration=&#8220;&#8220; delay_offset=&#8220;&#8220; top_and_bottom_padding=&#8220;&#8220; left_and_right_padding=&#8220;&#8220; bg_color=&#8220;#f9f9f9&#8243; class=&#8220;&#8220; style=&#8220;&#8220; id=&#8220;&#8220; css=&#8220;.vc_custom_1736085057122{background-color: #ffffff !important;}&#8220; border_color=&#8220;&#8220;][vc_column min_height=&#8220;&#8220; [&hellip;]<\/p>\n","protected":false},"author":1,"featured_media":0,"parent":0,"menu_order":0,"comment_status":"closed","ping_status":"closed","template":"","meta":{"footnotes":""},"class_list":["post-582","page","type-page","status-publish","hentry"],"_links":{"self":[{"href":"https:\/\/partyservice-staffel.de\/index.php?rest_route=\/wp\/v2\/pages\/582","targetHints":{"allow":["GET"]}}],"collection":[{"href":"https:\/\/partyservice-staffel.de\/index.php?rest_route=\/wp\/v2\/pages"}],"about":[{"href":"https:\/\/partyservice-staffel.de\/index.php?rest_route=\/wp\/v2\/types\/page"}],"author":[{"embeddable":true,"href":"https:\/\/partyservice-staffel.de\/index.php?rest_route=\/wp\/v2\/users\/1"}],"replies":[{"embeddable":true,"href":"https:\/\/partyservice-staffel.de\/index.php?rest_route=%2Fwp%2Fv2%2Fcomments&post=582"}],"version-history":[{"count":11,"href":"https:\/\/partyservice-staffel.de\/index.php?rest_route=\/wp\/v2\/pages\/582\/revisions"}],"predecessor-version":[{"id":852,"href":"https:\/\/partyservice-staffel.de\/index.php?rest_route=\/wp\/v2\/pages\/582\/revisions\/852"}],"wp:attachment":[{"href":"https:\/\/partyservice-staffel.de\/index.php?rest_route=%2Fwp%2Fv2%2Fmedia&parent=582"}],"curies":[{"name":"wp","href":"https:\/\/api.w.org\/{rel}","templated":true}]}}